{"id":11,"date":"2019-04-14T16:56:29","date_gmt":"2019-04-14T16:56:29","guid":{"rendered":"https:\/\/arc-wpg.de\/?page_id=11"},"modified":"2024-04-04T13:14:29","modified_gmt":"2024-04-04T13:14:29","slug":"willkommen","status":"publish","type":"page","link":"https:\/\/arc-wpg.de\/","title":{"rendered":"Willkommen"},"content":{"rendered":"<section id=\"builder-section-text_112\" class=\"builder-section-first builder-section builder-section-text builder-section-next-text builder-text-columns-1\" style=\"background-size: cover; background-repeat: no-repeat;background-position: center center;\">\n<div class=\"builder-section-content\">\n<div class=\"builder-text-row\">\n<div class=\"builder-text-column builder-text-column-1\" id=\"builder-section-text_112-column-1\">\n<div class=\"builder-text-content\">\n<p><img loading=\"lazy\" decoding=\"async\" class=\"alignnone size-large wp-image-16\" src=\"https:\/\/arc-wpg.de\/wp-content\/uploads\/2019\/04\/DSC5826-start-arc-wpg-1024x460.png\" alt=\"\" width=\"960\" height=\"431\" srcset=\"https:\/\/arc-wpg.de\/wp-content\/uploads\/2019\/04\/DSC5826-start-arc-wpg-1024x460.png 1024w, https:\/\/arc-wpg.de\/wp-content\/uploads\/2019\/04\/DSC5826-start-arc-wpg-300x135.png 300w, https:\/\/arc-wpg.de\/wp-content\/uploads\/2019\/04\/DSC5826-start-arc-wpg-768x345.png 768w, https:\/\/arc-wpg.de\/wp-content\/uploads\/2019\/04\/DSC5826-start-arc-wpg.png 1936w\" sizes=\"auto, (max-width: 960px) 100vw, 960px\" \/><\/p>\n<\/p><\/div>\n<\/p><\/div>\n<\/p><\/div>\n<\/p><\/div>\n<\/section>\n<section id=\"builder-section-text_84\" class=\"builder-section-prev-text builder-section builder-section-text builder-section-last builder-text-columns-2\" style=\"background-size: cover; background-repeat: no-repeat;background-position: center center;\">\n<div class=\"builder-section-content\">\n<div class=\"builder-text-row\">\n<div class=\"builder-text-column builder-text-column-1\" id=\"builder-section-text_84-column-1\">\n<div class=\"builder-text-content\">\n<h3 class=\"typeface-js\"><strong>ARC Treuhand GmbH<\/strong><br \/><strong>Wirtschaftspr\u00fcfungsgesellschaft<\/strong><\/h3>\n<h4 class=\"typeface-js\">Johann-Krane-Weg 6<br \/>D-48149 M\u00fcnster<br \/>Deutschland<\/h4>\n<h4>Tel.: +49 251-92107-92<br \/>Telefax: +49 251-92107-160<\/h4>\n<h4>E-Mail:\u00a0<a href=\"mailto:info@arc-wpg.de\">info@arc-wpg.de<\/a><\/h4>\n<h4>Amtsgericht M\u00fcnster HRB 11945<\/h4>\n<h4>\u00a0<\/h4>\n<\/p><\/div>\n<\/p><\/div>\n<div class=\"builder-text-column builder-text-column-2\" id=\"builder-section-text_84-column-2\">\n<div class=\"builder-text-content\">\n<h4 class=\"typeface-js\">Gesch\u00e4ftsf\u00fchrer:<br \/>WP StB Dipl.-Kfm. Andreas Rose<br \/>WP StB Dipl.-Kfm. Peter Rehbaum<br \/>WP StB Dipl.-Betriebsw. Gereon Breul<br \/>WP StB\u00a0Dipl.-Betriebsw.\u00a0Friederike Sauvigny<br \/>StB\u00a0Dipl.-Betriebsw.\u00a0Stefanie Hollensteiner<br \/>StB M.Sc. Sebastian Meyberg<br \/>WP StB M.A. Jonas Lehmbrock<\/h4>\n<h4>Wirtschaftspr\u00fcferkammer, K\u00f6rperschaft des \u00f6ffentlichen Rechts<br \/>Rauchstra\u00dfe 26, 10787 Berlin,\u00a0<a title=\"Website der Wirtschaftspr\u00fcferkammer, K\u00f6rperschaft des \u00f6ffentlichen Rechts\" href=\"http:\/\/www.wpk.de\/\" target=\"_blank\" rel=\"noopener noreferrer\">www.wpk.de<\/a><\/h4>\n<h4>Die f\u00fcr die Berufsaus\u00fcbung der als Wirtschaftspr\u00fcfer zugelassenen Berufstr\u00e4ger ma\u00dfgeblichen gesetzlichen Regelungen sind:<br \/>Wirtschaftspr\u00fcferordnungs-\u00c4nderungsgesetz &#8211; ( WPO\u00c4G, BGBl. 2000 I S. 1769 ff),<br \/>Wirtschaftspr\u00fcferordnung (WPO),<br \/>Berufssatzung f\u00fcr Wirtschaftspr\u00fcfer ( BS WP \/ vBP),<br \/>Satzung f\u00fcr Qualit\u00e4tskontrolle,<br \/>Siegelverordnung,<br \/>Wirtschaftspr\u00fcfer-Berufshaftpflichtversicherungsverordnung (WPBHV).<br \/>Sie finden diese Vorschriften auf der Homepage der Wirtschaftspr\u00fcferkammer (<a title=\"Website der Wirtschaftspr\u00fcferkammer, K\u00f6rperschaft des \u00f6ffentlichen Rechts\" href=\"http:\/\/www.wpk.de\/\" target=\"_blank\" rel=\"noopener noreferrer\">http:\/\/www.wpk.de\/<\/a>\u00a0 unter der Rubrik \u00bbService &#8211; Rechtsvorschriften\u00ab).<\/h4>\n<\/p><\/div>\n<\/p><\/div>\n<\/p><\/div>\n<\/p><\/div>\n<\/section>\n","protected":false},"excerpt":{"rendered":"<p>ARC Treuhand GmbHWirtschaftspr\u00fcfungsgesellschaft Johann-Krane-Weg 6D-48149 M\u00fcnsterDeutschland Tel.: +49 251-92107-92Telefax: +49 251-92107-160 E-Mail:\u00a0info@arc-wpg.de Amtsgericht M\u00fcnster HRB 11945 \u00a0 Gesch\u00e4ftsf\u00fchrer:WP StB Dipl.-Kfm. Andreas RoseWP StB Dipl.-Kfm. Peter RehbaumWP StB Dipl.-Betriebsw. Gereon BreulWP StB\u00a0Dipl.-Betriebsw.\u00a0Friederike SauvignyStB\u00a0Dipl.-Betriebsw.\u00a0Stefanie HollensteinerStB M.Sc. Sebastian MeybergWP StB M.A. Jonas Lehmbrock Wirtschaftspr\u00fcferkammer, K\u00f6rperschaft des \u00f6ffentlichen RechtsRauchstra\u00dfe 26, 10787 Berlin,\u00a0www.wpk.de Die f\u00fcr die Berufsaus\u00fcbung der als Wirtschaftspr\u00fcfer &hellip;<\/p>\n","protected":false},"author":4,"featured_media":0,"parent":0,"menu_order":0,"comment_status":"closed","ping_status":"closed","template":"template-builder.php","meta":{"footnotes":""},"class_list":["post-11","page","type-page","status-publish","hentry"],"_links":{"self":[{"href":"https:\/\/arc-wpg.de\/index.php?rest_route=\/wp\/v2\/pages\/11","targetHints":{"allow":["GET"]}}],"collection":[{"href":"https:\/\/arc-wpg.de\/index.php?rest_route=\/wp\/v2\/pages"}],"about":[{"href":"https:\/\/arc-wpg.de\/index.php?rest_route=\/wp\/v2\/types\/page"}],"author":[{"embeddable":true,"href":"https:\/\/arc-wpg.de\/index.php?rest_route=\/wp\/v2\/users\/4"}],"replies":[{"embeddable":true,"href":"https:\/\/arc-wpg.de\/index.php?rest_route=%2Fwp%2Fv2%2Fcomments&post=11"}],"version-history":[{"count":12,"href":"https:\/\/arc-wpg.de\/index.php?rest_route=\/wp\/v2\/pages\/11\/revisions"}],"predecessor-version":[{"id":101,"href":"https:\/\/arc-wpg.de\/index.php?rest_route=\/wp\/v2\/pages\/11\/revisions\/101"}],"wp:attachment":[{"href":"https:\/\/arc-wpg.de\/index.php?rest_route=%2Fwp%2Fv2%2Fmedia&parent=11"}],"curies":[{"name":"wp","href":"https:\/\/api.w.org\/{rel}","templated":true}]}}